{"id":2,"date":"2018-08-15T16:28:10","date_gmt":"2018-08-15T16:28:10","guid":{"rendered":"https:\/\/des-futurecord.estudiosgrabacion.com\/?page_id=2"},"modified":"2025-07-04T13:15:19","modified_gmt":"2025-07-04T13:15:19","slug":"servicios","status":"publish","type":"page","link":"https:\/\/des-futurecord.estudiosgrabacion.com\/index.php\/servicios\/","title":{"rendered":"Servicios"},"content":{"rendered":"\n<h2 class=\"wp-block-heading has-text-align-center\" style=\"font-size:34px\">\u00a1 Descubre nuestras tarifas para este verano !<\/h2>\n\n\n\n<hr class=\"wp-block-separator has-alpha-channel-opacity\"\/>\n\n\n\n<p class=\"has-text-align-center\" style=\"font-size:45px\">25\u20ac + IVA \/ hora<\/p>\n\n\n\n<p class=\"has-text-align-center\" style=\"font-size:45px\">Master: 50\u20ac + IVA \/ tema<\/p>\n\n\n\n<hr class=\"wp-block-separator has-alpha-channel-opacity\"\/>\n\n\n\n<p class=\"has-text-align-center has-large-font-size\">Grabaci\u00f3n + Mezcla + Master<\/p>\n\n\n\n<p class=\"has-text-align-center\" style=\"font-size:45px\">300\u20ac + IVA \/ tema<\/p>\n\n\n\n<hr class=\"wp-block-separator has-alpha-channel-opacity\"\/>\n\n\n\n<p class=\"has-text-align-center\" style=\"font-size:31px\">Consultar precio por producci\u00f3n de \u00e1lbum completo \/ n\u00famero de temas<\/p>\n\n\n\n<hr class=\"wp-block-separator has-alpha-channel-opacity\"\/>\n\n\n\n<p class=\"has-text-align-center\" style=\"font-size:45px\">Servicios a distancia<\/p>\n\n\n\n<h2 class=\"wp-block-heading has-text-align-center\" style=\"font-size:34px\">Mezcla de Audio Online: \u00a1Consigue un Sonido Profesional Desde Casa!<\/h2>\n\n\n\n<hr class=\"wp-block-separator has-alpha-channel-opacity\"\/>\n\n\n\n<p><\/p>\n\n\n\n<blockquote class=\"wp-block-quote is-layout-flow wp-block-quote-is-layout-flow\">\n<p>Utilizamos&nbsp;la&nbsp;\u00faltima tecnolog\u00eda con resultados profesionales sin que el artista se desplace de su lugar de ensayo.<\/p>\n<\/blockquote>\n\n\n\n<blockquote class=\"wp-block-quote is-layout-flow wp-block-quote-is-layout-flow\">\n<p>Buscamos la comodidad del artista, desplaz\u00e1ndonos al lugar habitual de creaci\u00f3n aumentando la creatividad y comodidad para realizar las tomas.<\/p>\n<\/blockquote>\n\n\n\n<figure class=\"wp-block-gallery has-nested-images columns-default is-cropped wp-block-gallery-1 is-layout-flex wp-block-gallery-is-layout-flex\">\n<figure class=\"wp-block-image\"><img loading=\"lazy\" decoding=\"async\" width=\"744\" height=\"496\" data-id=\"42\" src=\"https:\/\/des-futurecord.estudiosgrabacion.com\/wp-content\/uploads\/2018\/08\/foto-grabacio\u0301n.jpg\" alt=\"Estudio Grabaci\u00f3n Futurecord\" class=\"wp-image-42\" srcset=\"https:\/\/des-futurecord.estudiosgrabacion.com\/wp-content\/uploads\/2018\/08\/foto-grabacio\u0301n.jpg 744w, https:\/\/des-futurecord.estudiosgrabacion.com\/wp-content\/uploads\/2018\/08\/foto-grabacio\u0301n-300x200.jpg 300w, https:\/\/des-futurecord.estudiosgrabacion.com\/wp-content\/uploads\/2018\/08\/foto-grabacio\u0301n-420x280.jpg 420w, https:\/\/des-futurecord.estudiosgrabacion.com\/wp-content\/uploads\/2018\/08\/foto-grabacio\u0301n-385x257.jpg 385w\" sizes=\"auto, (max-width: 744px) 100vw, 744px\" \/><\/figure>\n\n\n\n<figure class=\"wp-block-image\"><img loading=\"lazy\" decoding=\"async\" width=\"612\" height=\"409\" data-id=\"39\" src=\"https:\/\/des-futurecord.estudiosgrabacion.com\/wp-content\/uploads\/2018\/08\/foto-grabacio\u0301n_4.jpg\" alt=\"Estudio Grabaci\u00f3n Futurecord\" class=\"wp-image-39\" srcset=\"https:\/\/des-futurecord.estudiosgrabacion.com\/wp-content\/uploads\/2018\/08\/foto-grabacio\u0301n_4.jpg 612w, https:\/\/des-futurecord.estudiosgrabacion.com\/wp-content\/uploads\/2018\/08\/foto-grabacio\u0301n_4-300x200.jpg 300w, https:\/\/des-futurecord.estudiosgrabacion.com\/wp-content\/uploads\/2018\/08\/foto-grabacio\u0301n_4-420x280.jpg 420w, https:\/\/des-futurecord.estudiosgrabacion.com\/wp-content\/uploads\/2018\/08\/foto-grabacio\u0301n_4-385x257.jpg 385w\" sizes=\"auto, (max-width: 612px) 100vw, 612px\" \/><\/figure>\n\n\n\n<figure class=\"wp-block-image\"><img loading=\"lazy\" decoding=\"async\" width=\"1024\" height=\"680\" data-id=\"83\" src=\"https:\/\/des-futurecord.estudiosgrabacion.com\/wp-content\/uploads\/2018\/08\/guitar-756326_1920-1024x680.jpg\" alt=\"Estudio Grabaci\u00f3n Futurecord\" class=\"wp-image-83\" srcset=\"https:\/\/des-futurecord.estudiosgrabacion.com\/wp-content\/uploads\/2018\/08\/guitar-756326_1920-1024x680.jpg 1024w, https:\/\/des-futurecord.estudiosgrabacion.com\/wp-content\/uploads\/2018\/08\/guitar-756326_1920-300x199.jpg 300w, https:\/\/des-futurecord.estudiosgrabacion.com\/wp-content\/uploads\/2018\/08\/guitar-756326_1920-768x510.jpg 768w, https:\/\/des-futurecord.estudiosgrabacion.com\/wp-content\/uploads\/2018\/08\/guitar-756326_1920-420x280.jpg 420w, https:\/\/des-futurecord.estudiosgrabacion.com\/wp-content\/uploads\/2018\/08\/guitar-756326_1920-385x257.jpg 385w, https:\/\/des-futurecord.estudiosgrabacion.com\/wp-content\/uploads\/2018\/08\/guitar-756326_1920.jpg 1920w\" sizes=\"auto, (max-width: 1024px) 100vw, 1024px\" \/><\/figure>\n<\/figure>\n\n\n\n<p style=\"font-size:25px\"><br>Lo que nos diferencia respecto a otras formas de trabajar es que dedicamos de forma exclusiva dos semanas de pre-producci\u00f3n para analizar las demos como paso previo a la producci\u00f3n. Y en la fase de mezcla y master, las revisiones son ilimitadas hasta que el artista est\u00e9 conforme con el resultado final.<\/p>\n\n\n\n<hr class=\"wp-block-separator has-alpha-channel-opacity\"\/>\n\n\n<div class=\"wp-block-image\">\n<figure class=\"aligncenter size-large\"><img loading=\"lazy\" decoding=\"async\" width=\"1024\" height=\"204\" src=\"https:\/\/des-futurecord.estudiosgrabacion.com\/wp-content\/uploads\/2025\/06\/Pago-Seguro-1024x204.png\" alt=\"Pago Seguro\" class=\"wp-image-379\" srcset=\"https:\/\/des-futurecord.estudiosgrabacion.com\/wp-content\/uploads\/2025\/06\/Pago-Seguro-1024x204.png 1024w, https:\/\/des-futurecord.estudiosgrabacion.com\/wp-content\/uploads\/2025\/06\/Pago-Seguro-300x60.png 300w, https:\/\/des-futurecord.estudiosgrabacion.com\/wp-content\/uploads\/2025\/06\/Pago-Seguro-768x153.png 768w, https:\/\/des-futurecord.estudiosgrabacion.com\/wp-content\/uploads\/2025\/06\/Pago-Seguro.png 1169w\" sizes=\"auto, (max-width: 1024px) 100vw, 1024px\" \/><\/figure><\/div>\n\n\n<h2 class=\"wp-block-heading has-text-align-center\">\u00a1Graba tu futuro, paga con cripto, suena legendario!<\/h2>\n\n\n<div class=\"wp-block-image\">\n<figure class=\"aligncenter size-full is-resized\"><img loading=\"lazy\" decoding=\"async\" width=\"600\" height=\"600\" src=\"https:\/\/des-futurecord.estudiosgrabacion.com\/wp-content\/uploads\/2025\/07\/Ethereum.png\" alt=\"Ethereum\" class=\"wp-image-415\" style=\"width:140px;height:auto\" srcset=\"https:\/\/des-futurecord.estudiosgrabacion.com\/wp-content\/uploads\/2025\/07\/Ethereum.png 600w, https:\/\/des-futurecord.estudiosgrabacion.com\/wp-content\/uploads\/2025\/07\/Ethereum-300x300.png 300w, https:\/\/des-futurecord.estudiosgrabacion.com\/wp-content\/uploads\/2025\/07\/Ethereum-150x150.png 150w\" sizes=\"auto, (max-width: 600px) 100vw, 600px\" \/><\/figure><\/div>\n\n\n<p class=\"has-text-align-center\" style=\"font-size:30px\">Tu sonido del futuro, pagado con la moneda de hoy<\/p>\n\n\n\n<hr class=\"wp-block-separator has-alpha-channel-opacity\"\/>\n\n\n\n<p><a href=\"https:\/\/des-futurecord.estudiosgrabacion.com\/index.php\/contacto\/\" rel=\"noopener\">Contacta con nosotros<\/a> para facilitarte toda la informaci\u00f3n que necesites.<\/p>\n\n\n\n<p><\/p>\n","protected":false},"excerpt":{"rendered":"<p>\u00a1 Descubre nuestras tarifas para este verano ! 25\u20ac + IVA \/ hora Master: 50\u20ac + IVA \/ tema Grabaci\u00f3n + Mezcla + Master 300\u20ac + IVA \/ tema Consultar precio por producci\u00f3n de \u00e1lbum completo \/ n\u00famero de temas Servicios a distancia Mezcla de <span class=\"read-more\"><a class=\"more-link btn btn-transparent\" href=\"https:\/\/des-futurecord.estudiosgrabacion.com\/index.php\/servicios\/\">Read More &#8230;<\/a><\/span><\/p>\n","protected":false},"author":1,"featured_media":0,"parent":0,"menu_order":0,"comment_status":"closed","ping_status":"closed","template":"","meta":{"footnotes":""},"class_list":["post-2","page","type-page","status-publish","hentry"],"_links":{"self":[{"href":"https:\/\/des-futurecord.estudiosgrabacion.com\/index.php\/wp-json\/wp\/v2\/pages\/2","targetHints":{"allow":["GET"]}}],"collection":[{"href":"https:\/\/des-futurecord.estudiosgrabacion.com\/index.php\/wp-json\/wp\/v2\/pages"}],"about":[{"href":"https:\/\/des-futurecord.estudiosgrabacion.com\/index.php\/wp-json\/wp\/v2\/types\/page"}],"author":[{"embeddable":true,"href":"https:\/\/des-futurecord.estudiosgrabacion.com\/index.php\/wp-json\/wp\/v2\/users\/1"}],"replies":[{"embeddable":true,"href":"https:\/\/des-futurecord.estudiosgrabacion.com\/index.php\/wp-json\/wp\/v2\/comments?post=2"}],"version-history":[{"count":68,"href":"https:\/\/des-futurecord.estudiosgrabacion.com\/index.php\/wp-json\/wp\/v2\/pages\/2\/revisions"}],"predecessor-version":[{"id":417,"href":"https:\/\/des-futurecord.estudiosgrabacion.com\/index.php\/wp-json\/wp\/v2\/pages\/2\/revisions\/417"}],"wp:attachment":[{"href":"https:\/\/des-futurecord.estudiosgrabacion.com\/index.php\/wp-json\/wp\/v2\/media?parent=2"}],"curies":[{"name":"wp","href":"https:\/\/api.w.org\/{rel}","templated":true}]}}